{"id":2,"date":"2020-12-05T10:47:28","date_gmt":"2020-12-05T10:47:28","guid":{"rendered":"http:\/\/gesundheits-und-ernaehrungs-trainer.de\/?page_id=2"},"modified":"2025-03-17T19:36:11","modified_gmt":"2025-03-17T19:36:11","slug":"sample-page","status":"publish","type":"page","link":"https:\/\/gesundheits-und-ernaehrungs-trainer.de\/","title":{"rendered":"Gesundheits-, Ern\u00e4hrungs- und Vitamin-D-Beratung"},"content":{"rendered":"\r\n<p><img loading=\"lazy\" class=\"alignnone size-medium wp-image-62\" src=\"http:\/\/gesundheits-und-ernaehrungs-trainer.de\/wp-content\/uploads\/2020\/12\/LOGO-ohne-Schriftzug-300x274.jpg\" alt=\"\" width=\"300\" height=\"274\" srcset=\"https:\/\/gesundheits-und-ernaehrungs-trainer.de\/wp-content\/uploads\/2020\/12\/LOGO-ohne-Schriftzug-300x274.jpg 300w, https:\/\/gesundheits-und-ernaehrungs-trainer.de\/wp-content\/uploads\/2020\/12\/LOGO-ohne-Schriftzug.jpg 317w\" sizes=\"(max-width: 300px) 100vw, 300px\" \/><\/p>\r\n<p>Mein Weg in der Praxis ist gepr\u00e4gt von der Salutogenese nach Antonovsky und den Methoden von De Shazer!<br \/><br \/>Antonovsky und De Shazer haben mir mit ihren Ansichten einen Weg aufgezeigt, den ich in meiner Praxis umsetze, da ich mich mit den Ansichten von Antonovsky und De Shazer verbunden f\u00fchle.<br \/><br \/>Antonovsky und De Shazer und ich sehen den Menschen als Ganzes und allumfassendes. K\u00f6rper, Geist und Seele geh\u00f6ren f\u00fcr uns untrennbar zusammen!<br \/><br \/>Antonovsky und De Shazer, jeder auf seinem Gebiet mit seiner eigenen Sichtweise, aber demselben Ziel.<br \/><br \/>Das ist es was mich mit den beiden Herren verbindet.<br \/><br \/>\u2022 Salutogenese nach Antonovsky<br \/>\u2022 Methode nach De Shazer<br \/>\u2022 Umsetzung in der Praxis durch Katrin Schoefer<\/p>\r\n\r\n\r\n\r\n<p><br \/>Eine regionale, saisonale und vollwertige Ern\u00e4hrung sind die Grundlagen meiner Gesundheits- und Ern\u00e4hrungsberatung.<\/p>\r\n\r\n\r\n\r\n<p>S\u00e4mtliche Leistungen erfolgen im Sinne der Salutogenese (Gesundheitsentstehung) Sie ersetzen nicht den Besuch beim Arzt oder Heilpraktiker oder\/und deren Therapien.<\/p>\r\n","protected":false},"excerpt":{"rendered":"<p>Mein Weg in der Praxis ist gepr\u00e4gt von der Salutogenese nach Antonovsky und den Methoden von De Shazer! Antonovsky und De Shazer haben mir mit ihren Ansichten einen Weg aufgezeigt, den ich in meiner Praxis umsetze, da ich mich mit den Ansichten von Antonovsky und De Shazer verbunden f\u00fchle. Antonovsky und De Shazer und ich [&hellip;]<\/p>\n","protected":false},"author":1,"featured_media":0,"parent":0,"menu_order":0,"comment_status":"closed","ping_status":"open","template":"","meta":[],"_links":{"self":[{"href":"https:\/\/gesundheits-und-ernaehrungs-trainer.de\/index.php?rest_route=\/wp\/v2\/pages\/2"}],"collection":[{"href":"https:\/\/gesundheits-und-ernaehrungs-trainer.de\/index.php?rest_route=\/wp\/v2\/pages"}],"about":[{"href":"https:\/\/gesundheits-und-ernaehrungs-trainer.de\/index.php?rest_route=\/wp\/v2\/types\/page"}],"author":[{"embeddable":true,"href":"https:\/\/gesundheits-und-ernaehrungs-trainer.de\/index.php?rest_route=\/wp\/v2\/users\/1"}],"replies":[{"embeddable":true,"href":"https:\/\/gesundheits-und-ernaehrungs-trainer.de\/index.php?rest_route=%2Fwp%2Fv2%2Fcomments&post=2"}],"version-history":[{"count":7,"href":"https:\/\/gesundheits-und-ernaehrungs-trainer.de\/index.php?rest_route=\/wp\/v2\/pages\/2\/revisions"}],"predecessor-version":[{"id":78,"href":"https:\/\/gesundheits-und-ernaehrungs-trainer.de\/index.php?rest_route=\/wp\/v2\/pages\/2\/revisions\/78"}],"wp:attachment":[{"href":"https:\/\/gesundheits-und-ernaehrungs-trainer.de\/index.php?rest_route=%2Fwp%2Fv2%2Fmedia&parent=2"}],"curies":[{"name":"wp","href":"https:\/\/api.w.org\/{rel}","templated":true}]}}